{"id":11948,"date":"2022-04-26T22:38:16","date_gmt":"2022-04-26T22:38:16","guid":{"rendered":"https:\/\/whereto.pt\/aviso-ao-consumidor\/"},"modified":"2022-05-17T23:46:49","modified_gmt":"2022-05-17T23:46:49","slug":"aviso-ao-consumidor","status":"publish","type":"page","link":"https:\/\/whereto.pt\/pt-pt\/aviso-ao-consumidor\/","title":{"rendered":"Aviso ao Consumidor"},"content":{"rendered":"<section class=\"wpb-content-wrapper\"><p>[vc_row][vc_column width=&#8221;1\/6&#8243;][\/vc_column][vc_column width=&#8221;2\/3&#8243;][vc_column_text]Em caso de lit\u00edgio de consumo, o consumidor pode recorrer \u00e0 seguinte entidade de resolu\u00e7\u00e3o alternativa de lit\u00edgios:<\/p>\n<p>CACCL \u2013 Centro de Arbitragem de Conflitos de Consumo de Lisboa<\/p>\n<p>&nbsp;<\/p>\n<p>Rua dos Douradores, n\u00ba 116 \u2013 2\u00ba<br \/>\n1100 \u2013 207 Lisboa<\/p>\n<p>Telefone: (+351) 218 807 030 Fax: (+351) 218 807 038<\/p>\n<p>Email: <a href=\"mailto:juridico@centroarbitragemlisboa.pt\">juridico@centroarbitragemlisboa.pt<\/a><\/p>\n<p><a href=\"http:\/\/www.centroarbitragemlisboa.pt\/\" data-saferedirecturl=\"https:\/\/www.google.com\/url?q=http:\/\/www.centroarbitragemlisboa.pt&amp;source=gmail&amp;ust=1532778632374000&amp;usg=AFQjCNFPCNjdiHqMH91W13uMRNKOr1gjXg\">http:\/\/www.centroarbitragemlisboa.pt<\/a><\/p>\n<p>Para atualiza\u00e7\u00f5es e mais informa\u00e7\u00f5es, consulte o Portal do Consumidor em <a href=\"http:\/\/www.consumidor.pt\/\" data-saferedirecturl=\"https:\/\/www.google.com\/url?q=http:\/\/www.consumidor.pt&amp;source=gmail&amp;ust=1532778632374000&amp;usg=AFQjCNHwXr4LXFEf1eFs753SdUnU1ac3Ow\">www.consumidor.pt<\/a><\/p>\n<p>(ao abrigo do artigo 18\u00ba, Lei n\u00ba 144\/2015, de 8 de setembro)[\/vc_column_text][\/vc_column][vc_column width=&#8221;1\/6&#8243;][\/vc_column][\/vc_row]<\/p>\n<\/section>","protected":false},"excerpt":{"rendered":"<p>[vc_row][vc_column width=&#8221;1\/6&#8243;][\/vc_column][vc_column width=&#8221;2\/3&#8243;][vc_column_text]Em caso de lit\u00edgio de consumo, o consumidor pode recorrer \u00e0 seguinte entidade de resolu\u00e7\u00e3o alternativa de lit\u00edgios: CACCL \u2013 Centro de Arbitragem de Conflitos de Consumo de Lisboa &nbsp; Rua dos Douradores, n\u00ba 116 \u2013 2\u00ba 1100 \u2013 207 Lisboa Telefone: (+351) 218 807 030 Fax: (+351) 218 807 038 Email: juridico@centroarbitragemlisboa.pt [&hellip;]<\/p>\n","protected":false},"author":1,"featured_media":10247,"parent":0,"menu_order":0,"comment_status":"closed","ping_status":"closed","template":"","meta":{"footnotes":""},"class_list":["post-11948","page","type-page","status-publish","has-post-thumbnail","hentry"],"_links":{"self":[{"href":"https:\/\/whereto.pt\/pt-pt\/wp-json\/wp\/v2\/pages\/11948","targetHints":{"allow":["GET"]}}],"collection":[{"href":"https:\/\/whereto.pt\/pt-pt\/wp-json\/wp\/v2\/pages"}],"about":[{"href":"https:\/\/whereto.pt\/pt-pt\/wp-json\/wp\/v2\/types\/page"}],"author":[{"embeddable":true,"href":"https:\/\/whereto.pt\/pt-pt\/wp-json\/wp\/v2\/users\/1"}],"replies":[{"embeddable":true,"href":"https:\/\/whereto.pt\/pt-pt\/wp-json\/wp\/v2\/comments?post=11948"}],"version-history":[{"count":2,"href":"https:\/\/whereto.pt\/pt-pt\/wp-json\/wp\/v2\/pages\/11948\/revisions"}],"predecessor-version":[{"id":11950,"href":"https:\/\/whereto.pt\/pt-pt\/wp-json\/wp\/v2\/pages\/11948\/revisions\/11950"}],"wp:featuredmedia":[{"embeddable":true,"href":"https:\/\/whereto.pt\/pt-pt\/wp-json\/wp\/v2\/media\/10247"}],"wp:attachment":[{"href":"https:\/\/whereto.pt\/pt-pt\/wp-json\/wp\/v2\/media?parent=11948"}],"curies":[{"name":"wp","href":"https:\/\/api.w.org\/{rel}","templated":true}]}}