{"id":11954,"date":"2022-04-26T22:38:16","date_gmt":"2022-04-26T22:38:16","guid":{"rendered":"https:\/\/whereto.pt\/avertissement-aux-consommateurs\/"},"modified":"2022-05-17T23:49:35","modified_gmt":"2022-05-17T23:49:35","slug":"avertissement-aux-consommateurs","status":"publish","type":"page","link":"https:\/\/whereto.pt\/fr\/avertissement-aux-consommateurs\/","title":{"rendered":"Avertissement aux consommateurs"},"content":{"rendered":"<section class=\"wpb-content-wrapper\"><p>[vc_row][vc_column width=\u00a0\u00bb1\/6&Prime;][\/vc_column][vc_column width=\u00a0\u00bb2\/3&Prime;][vc_column_text]En cas de litige de consommation, le consommateur peut recourir \u00e0 l&rsquo;entit\u00e9 de r\u00e8glement extrajudiciaire des litiges suivante :<\/p>\n<p>CACCL \u2013 Centro de Arbitragem de Conflitos de Consumo de Lisboa<\/p>\n<p>&nbsp;<\/p>\n<p>Rua dos Douradores, n\u00ba 116 \u2013 2\u00ba<br \/>\n1100 \u2013 207 Lisboa<\/p>\n<p>T\u00e9l\u00e9phoner: (+351) 218 807 030 Fax: (+351) 218 807 038<\/p>\n<p>Email: <a href=\"mailto:juridico@centroarbitragemlisboa.pt\">juridico@centroarbitragemlisboa.pt<\/a><\/p>\n<p><a href=\"http:\/\/www.centroarbitragemlisboa.pt\/\" data-saferedirecturl=\"https:\/\/www.google.com\/url?q=http:\/\/www.centroarbitragemlisboa.pt&amp;source=gmail&amp;ust=1532778632374000&amp;usg=AFQjCNFPCNjdiHqMH91W13uMRNKOr1gjXg\">http:\/\/www.centroarbitragemlisboa.pt<\/a><\/p>\n<p>Pour les mises \u00e0 jour et plus d&rsquo;informations, consultez le Portal do Consumidor dans <a href=\"http:\/\/www.consumidor.pt\/\" data-saferedirecturl=\"https:\/\/www.google.com\/url?q=http:\/\/www.consumidor.pt&amp;source=gmail&amp;ust=1532778632374000&amp;usg=AFQjCNHwXr4LXFEf1eFs753SdUnU1ac3Ow\">www.consumidor.pt<\/a><\/p>\n<p>(ao abrigo do artigo 18\u00ba, Lei n\u00ba 144\/2015, de 8 de setembro)[\/vc_column_text][\/vc_column][vc_column width=\u00a0\u00bb1\/6&Prime;][\/vc_column][\/vc_row]<\/p>\n<\/section>","protected":false},"excerpt":{"rendered":"<p>[vc_row][vc_column width=\u00a0\u00bb1\/6&Prime;][\/vc_column][vc_column width=\u00a0\u00bb2\/3&Prime;][vc_column_text]En cas de litige de consommation, le consommateur peut recourir \u00e0 l&rsquo;entit\u00e9 de r\u00e8glement extrajudiciaire des litiges suivante : CACCL \u2013 Centro de Arbitragem de Conflitos de Consumo de Lisboa &nbsp; Rua dos Douradores, n\u00ba 116 \u2013 2\u00ba 1100 \u2013 207 Lisboa T\u00e9l\u00e9phoner: (+351) 218 807 030 Fax: (+351) 218 807 038 Email: [&hellip;]<\/p>\n","protected":false},"author":1,"featured_media":10246,"parent":0,"menu_order":0,"comment_status":"closed","ping_status":"closed","template":"","meta":{"footnotes":""},"class_list":["post-11954","page","type-page","status-publish","has-post-thumbnail","hentry"],"_links":{"self":[{"href":"https:\/\/whereto.pt\/fr\/wp-json\/wp\/v2\/pages\/11954","targetHints":{"allow":["GET"]}}],"collection":[{"href":"https:\/\/whereto.pt\/fr\/wp-json\/wp\/v2\/pages"}],"about":[{"href":"https:\/\/whereto.pt\/fr\/wp-json\/wp\/v2\/types\/page"}],"author":[{"embeddable":true,"href":"https:\/\/whereto.pt\/fr\/wp-json\/wp\/v2\/users\/1"}],"replies":[{"embeddable":true,"href":"https:\/\/whereto.pt\/fr\/wp-json\/wp\/v2\/comments?post=11954"}],"version-history":[{"count":2,"href":"https:\/\/whereto.pt\/fr\/wp-json\/wp\/v2\/pages\/11954\/revisions"}],"predecessor-version":[{"id":11956,"href":"https:\/\/whereto.pt\/fr\/wp-json\/wp\/v2\/pages\/11954\/revisions\/11956"}],"wp:featuredmedia":[{"embeddable":true,"href":"https:\/\/whereto.pt\/fr\/wp-json\/wp\/v2\/media\/10246"}],"wp:attachment":[{"href":"https:\/\/whereto.pt\/fr\/wp-json\/wp\/v2\/media?parent=11954"}],"curies":[{"name":"wp","href":"https:\/\/api.w.org\/{rel}","templated":true}]}}