{"id":11695,"date":"2022-05-07T23:39:36","date_gmt":"2022-05-07T23:39:36","guid":{"rendered":"https:\/\/whereto.pt\/transferts\/"},"modified":"2022-05-16T16:11:49","modified_gmt":"2022-05-16T16:11:49","slug":"transferts","status":"publish","type":"page","link":"https:\/\/whereto.pt\/fr\/transferts\/","title":{"rendered":"Transferts"},"content":{"rendered":"<section class=\"wpb-content-wrapper\"><p>[vc_row][vc_column width=\u00a0\u00bb1\/6&Prime;][\/vc_column][vc_column width=\u00a0\u00bb2\/3&Prime;][vc_column_text]<img decoding=\"async\" class=\"aligncenter wp-image-10361\" src=\"https:\/\/whereto.pt\/wp-content\/uploads\/2018\/12\/WTBLACK.svg\" alt=\"\" width=\"192\" height=\"133\">[\/vc_column_text][vc_column_text]<\/p>\n<div class=\"mkdf-section-title-holder mkdf-light mkdf-st-standard mkdf-st-title-left mkdf-st-normal-space \">\n<div class=\"mkdf-st-inner\">\n<p style=\"text-align: center;\"><strong>WHERE TO<\/strong> est \u00e9galement sp\u00e9cialis\u00e9 dans les transferts priv\u00e9s vers\/depuis n&rsquo;importe quel point du pays.<\/p>\n<p style=\"text-align: center;\">Notre flotte est compos\u00e9e de v\u00e9hicules qui sont continuellement inspect\u00e9s et entretenus pour assurer une qualit\u00e9 de service maximale.<\/p>\n<p style=\"text-align: center;\">Nous voyageons dans n&rsquo;importe quelle partie du pays, n&rsquo;importe quelle destination, n&rsquo;importe quelle distance et \u00e0 tout moment.<\/p>\n<\/div>\n<\/div>\n<p>[\/vc_column_text][vc_empty_space height=\u00a0\u00bb40px\u00a0\u00bb][\/vc_column][vc_column width=\u00a0\u00bb1\/6&Prime;][\/vc_column][\/vc_row][vc_row][vc_column][vc_column_text]<\/p>\n<p style=\"text-align: center;\"><strong>INCLUS<\/strong><\/p>\n<p>[\/vc_column_text][\/vc_column][\/vc_row][vc_row][vc_column width=\u00a0\u00bb1\/3&Prime;][\/vc_column][vc_column width=\u00a0\u00bb1\/3&Prime;][vc_column_text]<\/p>\n<ul>\n<li>Voiture priv\u00e9e<\/li>\n<li>Chauffeur exclusif<\/li>\n<li>Wifi \u00e0 bord<\/li>\n<li>S\u00e9lection musicale d\u00e9di\u00e9e<\/li>\n<li>Chargeur iPhone\/Andro\u00efd<\/li>\n<\/ul>\n<p>[\/vc_column_text][vc_empty_space height=\u00a0\u00bb20px\u00a0\u00bb][\/vc_column][vc_column width=\u00a0\u00bb1\/3&Prime;][\/vc_column][\/vc_row][vc_row][vc_column width=\u00a0\u00bb1\/3&Prime;][vc_icon icon_fontawesome=\u00a0\u00bbfas fa-plus\u00a0\u00bb color=\u00a0\u00bbcustom\u00a0\u00bb background_style=\u00a0\u00bbrounded\u00a0\u00bb background_color=\u00a0\u00bbcustom\u00a0\u00bb size=\u00a0\u00bbxs\u00a0\u00bb align=\u00a0\u00bbcenter\u00a0\u00bb css_animation=\u00a0\u00bbfadeIn\u00a0\u00bb custom_color=\u00a0\u00bb#ffffff\u00a0\u00bb custom_background_color=\u00a0\u00bb#cfb370&Prime;][vc_column_text]Bienvenue Pack &#8211; bouteilles d&rsquo;eau min\u00e9rale, lingettes pour b\u00e9b\u00e9, plan de la ville, parapluie (si n\u00e9cessaire), journaux et magazines (si demand\u00e9).[\/vc_column_text][\/vc_column][vc_column width=\u00a0\u00bb1\/3&Prime;][vc_icon icon_fontawesome=\u00a0\u00bbfas fa-plus\u00a0\u00bb color=\u00a0\u00bbcustom\u00a0\u00bb background_style=\u00a0\u00bbrounded\u00a0\u00bb background_color=\u00a0\u00bbcustom\u00a0\u00bb size=\u00a0\u00bbxs\u00a0\u00bb align=\u00a0\u00bbcenter\u00a0\u00bb css_animation=\u00a0\u00bbfadeIn\u00a0\u00bb custom_color=\u00a0\u00bb#ffffff\u00a0\u00bb custom_background_color=\u00a0\u00bb#cfb370&Prime;][vc_column_text]Plaques signal\u00e9tiques d&rsquo;a\u00e9roport personnalis\u00e9es avec le logo de l&rsquo;entreprise, le nom du client ou les deux.[\/vc_column_text][\/vc_column][vc_column width=\u00a0\u00bb1\/3&Prime;][vc_icon icon_fontawesome=\u00a0\u00bbfas fa-plus\u00a0\u00bb color=\u00a0\u00bbcustom\u00a0\u00bb background_style=\u00a0\u00bbrounded\u00a0\u00bb background_color=\u00a0\u00bbcustom\u00a0\u00bb size=\u00a0\u00bbxs\u00a0\u00bb align=\u00a0\u00bbcenter\u00a0\u00bb css_animation=\u00a0\u00bbfadeIn\u00a0\u00bb custom_color=\u00a0\u00bb#ffffff\u00a0\u00bb custom_background_color=\u00a0\u00bb#cfb370&Prime;][vc_column_text]Assistance disponible 24h\/24 et 7j\/7 en plusieurs langues.[\/vc_column_text][\/vc_column][\/vc_row][vc_row][vc_column][vc_empty_space height=\u00a0\u00bb20px\u00a0\u00bb][vc_btn title=\u00a0\u00bbR\u00c9SERVER | CITER\u00a0\u00bb color=\u00a0\u00bbinverse\u00a0\u00bb size=\u00a0\u00bblg\u00a0\u00bb align=\u00a0\u00bbcenter\u00a0\u00bb i_icon_fontawesome=\u00a0\u00bbfas fa-hand-point-right\u00a0\u00bb add_icon=\u00a0\u00bbtrue\u00a0\u00bb link=\u00a0\u00bburl:https%3A%2F%2Fwhereto.pt%2Ffr%2Fcontact%2F|title:Transfers%20Form|\u00a0\u00bb][vc_empty_space height=\u00a0\u00bb20px\u00a0\u00bb][\/vc_column][\/vc_row][vc_row full_width=\u00a0\u00bbstretch_row_content_no_spaces\u00a0\u00bb content_placement=\u00a0\u00bbmiddle\u00a0\u00bb][vc_column]\n\t\t\t<!-- START Slider 3 REVOLUTION SLIDER 6.6.13 --><p class=\"rs-p-wp-fix\"><\/p>\n\t\t\t<rs-module-wrap id=\"rev_slider_10_1_wrapper\" data-source=\"gallery\" style=\"visibility:hidden;background:transparent;padding:0;margin:0px auto;margin-top:0;margin-bottom:0;\">\n\t\t\t\t<rs-module id=\"rev_slider_10_1\" style=\"\" data-version=\"6.6.13\">\n\t\t\t\t\t<rs-slides style=\"overflow: hidden; position: absolute;\">\n\t\t\t\t\t\t<rs-slide style=\"position: absolute;\" data-key=\"rs-22\" data-title=\"Slide\" data-anim=\"adpr:false;\" data-in=\"o:0;\" data-out=\"a:false;\">\n\t\t\t\t\t\t\t<img fetchpriority=\"high\" decoding=\"async\" src=\"\/\/whereto.pt\/wp-content\/plugins\/revslider\/public\/assets\/assets\/dummy.png\" alt=\"\" title=\"lisbon-portugal-skyline-2021-08-26-18-12-59-utc\" width=\"2560\" height=\"2560\" class=\"rev-slidebg tp-rs-img rs-lazyload\" data-lazyload=\"\/\/whereto.pt\/wp-content\/uploads\/2022\/05\/lisbon-portugal-skyline-2021-08-26-18-12-59-utc-scaled.jpg\" data-no-retina>\n<!---->\t\t\t\t\t\t<\/rs-slide>\n\t\t\t\t\t\t<rs-slide style=\"position: absolute;\" data-key=\"rs-23\" data-title=\"Slide\" data-anim=\"adpr:false;\" data-in=\"o:0;\" data-out=\"a:false;\">\n\t\t\t\t\t\t\t<img decoding=\"async\" src=\"\/\/whereto.pt\/wp-content\/plugins\/revslider\/public\/assets\/assets\/dummy.png\" alt=\"\" title=\"lisbon-city-in-portugal-2022-02-02-20-46-58-utc\" width=\"2560\" height=\"2560\" class=\"rev-slidebg tp-rs-img rs-lazyload\" data-lazyload=\"\/\/whereto.pt\/wp-content\/uploads\/2022\/05\/lisbon-city-in-portugal-2022-02-02-20-46-58-utc-scaled.jpg\" data-no-retina>\n<!---->\t\t\t\t\t\t<\/rs-slide>\n\t\t\t\t\t\t<rs-slide style=\"position: absolute;\" data-key=\"rs-24\" data-title=\"Slide\" data-anim=\"adpr:false;\" data-in=\"o:0;\" data-out=\"a:false;\">\n\t\t\t\t\t\t\t<img loading=\"lazy\" decoding=\"async\" src=\"\/\/whereto.pt\/wp-content\/plugins\/revslider\/public\/assets\/assets\/dummy.png\" alt=\"\" title=\"ceramic-crafts-with-the-traditional-portuguese-roo-2022-05-06-01-59-29-utc\" width=\"2560\" height=\"2560\" class=\"rev-slidebg tp-rs-img rs-lazyload\" data-lazyload=\"\/\/whereto.pt\/wp-content\/uploads\/2022\/05\/ceramic-crafts-with-the-traditional-portuguese-roo-2022-05-06-01-59-29-utc-scaled.jpg\" data-no-retina>\n<!---->\t\t\t\t\t\t<\/rs-slide>\n\t\t\t\t\t\t<rs-slide style=\"position: absolute;\" data-key=\"rs-25\" data-title=\"Slide\" data-anim=\"adpr:false;\" data-in=\"o:0;\" data-out=\"a:false;\">\n\t\t\t\t\t\t\t<img loading=\"lazy\" decoding=\"async\" src=\"\/\/whereto.pt\/wp-content\/plugins\/revslider\/public\/assets\/assets\/dummy.png\" alt=\"\" title=\"tram-in-lisbon-portugal-2022-03-04-05-34-54-utc\" width=\"2560\" height=\"2560\" class=\"rev-slidebg tp-rs-img rs-lazyload\" data-lazyload=\"\/\/whereto.pt\/wp-content\/uploads\/2022\/05\/tram-in-lisbon-portugal-2022-03-04-05-34-54-utc-scaled.jpg\" data-bg=\"p:center bottom;\" data-no-retina>\n<!---->\t\t\t\t\t\t<\/rs-slide>\n\t\t\t\t\t\t<rs-slide style=\"position: absolute;\" data-key=\"rs-26\" data-title=\"Slide\" data-anim=\"adpr:false;\" data-in=\"o:0;\" data-out=\"a:false;\">\n\t\t\t\t\t\t\t<img loading=\"lazy\" decoding=\"async\" src=\"\/\/whereto.pt\/wp-content\/plugins\/revslider\/public\/assets\/assets\/dummy.png\" alt=\"\" title=\"multiracial-friends-taking-selfie-at-city-tour-2022-02-09-19-00-58-utc\" width=\"2560\" height=\"2560\" class=\"rev-slidebg tp-rs-img rs-lazyload\" data-lazyload=\"\/\/whereto.pt\/wp-content\/uploads\/2022\/05\/multiracial-friends-taking-selfie-at-city-tour-2022-02-09-19-00-58-utc-scaled.jpg\" data-no-retina>\n<!---->\t\t\t\t\t\t<\/rs-slide>\n\t\t\t\t\t\t<rs-slide style=\"position: absolute;\" data-key=\"rs-27\" data-title=\"Slide\" data-anim=\"adpr:false;\" data-in=\"o:0;\" data-out=\"a:false;\">\n\t\t\t\t\t\t\t<img loading=\"lazy\" decoding=\"async\" src=\"\/\/whereto.pt\/wp-content\/plugins\/revslider\/public\/assets\/assets\/dummy.png\" alt=\"\" title=\"sunset-in-miradouro-do-suberco-viewpoint-nazare-2022-03-12-12-13-13-utc\" width=\"2560\" height=\"2560\" class=\"rev-slidebg tp-rs-img rs-lazyload\" data-lazyload=\"\/\/whereto.pt\/wp-content\/uploads\/2022\/05\/sunset-in-miradouro-do-suberco-viewpoint-nazare-2022-03-12-12-13-13-utc-scaled.jpg\" data-no-retina>\n<!---->\t\t\t\t\t\t<\/rs-slide>\n\t\t\t\t\t\t<rs-slide style=\"position: absolute;\" data-key=\"rs-28\" data-title=\"Slide\" data-anim=\"adpr:false;\" data-in=\"o:0;\" data-out=\"a:false;\">\n\t\t\t\t\t\t\t<img loading=\"lazy\" decoding=\"async\" src=\"\/\/whereto.pt\/wp-content\/plugins\/revslider\/public\/assets\/assets\/dummy.png\" alt=\"\" title=\"traditional-portuguese-snacks-2021-08-29-03-41-17-utc\" width=\"2560\" height=\"2560\" class=\"rev-slidebg tp-rs-img rs-lazyload\" data-lazyload=\"\/\/whereto.pt\/wp-content\/uploads\/2022\/05\/traditional-portuguese-snacks-2021-08-29-03-41-17-utc-scaled.jpg\" data-no-retina>\n<!---->\t\t\t\t\t\t<\/rs-slide>\n\t\t\t\t\t\t<rs-slide style=\"position: absolute;\" data-key=\"rs-29\" data-title=\"Slide\" data-anim=\"adpr:false;\" data-in=\"o:0;\" data-out=\"a:false;\">\n\t\t\t\t\t\t\t<img loading=\"lazy\" decoding=\"async\" src=\"\/\/whereto.pt\/wp-content\/plugins\/revslider\/public\/assets\/assets\/dummy.png\" alt=\"\" title=\"sintra-portugal-2022-03-07-13-30-40-utc\" width=\"2560\" height=\"2560\" class=\"rev-slidebg tp-rs-img rs-lazyload\" data-lazyload=\"\/\/whereto.pt\/wp-content\/uploads\/2022\/05\/sintra-portugal-2022-03-07-13-30-40-utc-scaled.jpg\" data-no-retina>\n<!---->\t\t\t\t\t\t<\/rs-slide>\n\t\t\t\t\t<\/rs-slides>\n\t\t\t\t<\/rs-module>\n\t\t\t\t<script>\n\t\t\t\t\tsetREVStartSize({c: 'rev_slider_10_1',rl:[1240,1024,778,480],el:[420],gw:[1240],gh:[420],type:'carousel',justify:'',layout:'fullwidth',mh:\"0\"});if (window.RS_MODULES!==undefined && window.RS_MODULES.modules!==undefined && window.RS_MODULES.modules[\"revslider101\"]!==undefined) {window.RS_MODULES.modules[\"revslider101\"].once = false;window.revapi10 = undefined;if (window.RS_MODULES.checkMinimal!==undefined) window.RS_MODULES.checkMinimal()}\n\t\t\t\t<\/script>\n\t\t\t<\/rs-module-wrap>\n\t\t\t<!-- END REVOLUTION SLIDER -->\n[\/vc_column][\/vc_row]<\/p>\n<\/section>","protected":false},"excerpt":{"rendered":"<p>[vc_row][vc_column width=\u00a0\u00bb1\/6&Prime;][\/vc_column][vc_column width=\u00a0\u00bb2\/3&Prime;][vc_column_text][\/vc_column_text][vc_column_text] WHERE TO est \u00e9galement sp\u00e9cialis\u00e9 dans les transferts priv\u00e9s vers\/depuis n&rsquo;importe quel point du pays. Notre flotte est compos\u00e9e de v\u00e9hicules qui sont continuellement inspect\u00e9s et entretenus pour assurer une qualit\u00e9 de service maximale. Nous voyageons dans n&rsquo;importe quelle partie du pays, n&rsquo;importe quelle destination, n&rsquo;importe quelle distance et \u00e0 tout moment. [&hellip;]<\/p>\n","protected":false},"author":1,"featured_media":10646,"parent":0,"menu_order":0,"comment_status":"closed","ping_status":"closed","template":"","meta":{"footnotes":""},"class_list":["post-11695","page","type-page","status-publish","has-post-thumbnail","hentry"],"_links":{"self":[{"href":"https:\/\/whereto.pt\/fr\/wp-json\/wp\/v2\/pages\/11695","targetHints":{"allow":["GET"]}}],"collection":[{"href":"https:\/\/whereto.pt\/fr\/wp-json\/wp\/v2\/pages"}],"about":[{"href":"https:\/\/whereto.pt\/fr\/wp-json\/wp\/v2\/types\/page"}],"author":[{"embeddable":true,"href":"https:\/\/whereto.pt\/fr\/wp-json\/wp\/v2\/users\/1"}],"replies":[{"embeddable":true,"href":"https:\/\/whereto.pt\/fr\/wp-json\/wp\/v2\/comments?post=11695"}],"version-history":[{"count":2,"href":"https:\/\/whereto.pt\/fr\/wp-json\/wp\/v2\/pages\/11695\/revisions"}],"predecessor-version":[{"id":11697,"href":"https:\/\/whereto.pt\/fr\/wp-json\/wp\/v2\/pages\/11695\/revisions\/11697"}],"wp:featuredmedia":[{"embeddable":true,"href":"https:\/\/whereto.pt\/fr\/wp-json\/wp\/v2\/media\/10646"}],"wp:attachment":[{"href":"https:\/\/whereto.pt\/fr\/wp-json\/wp\/v2\/media?parent=11695"}],"curies":[{"name":"wp","href":"https:\/\/api.w.org\/{rel}","templated":true}]}}