{"id":11683,"date":"2022-05-08T11:03:07","date_gmt":"2022-05-08T11:03:07","guid":{"rendered":"https:\/\/whereto.pt\/curiosites\/"},"modified":"2022-06-13T21:53:47","modified_gmt":"2022-06-13T21:53:47","slug":"curiosites","status":"publish","type":"page","link":"https:\/\/whereto.pt\/fr\/curiosites\/","title":{"rendered":"Curiosit\u00e9s"},"content":{"rendered":"<section class=\"wpb-content-wrapper\"><p>[vc_row equal_height=\u00a0\u00bbyes\u00a0\u00bb content_placement=\u00a0\u00bbmiddle\u00a0\u00bb][vc_column width=\u00a0\u00bb1\/2&Prime; css=\u00a0\u00bb.vc_custom_1652008484200{padding-right: 5% !important;}\u00a0\u00bb][vc_empty_space height=\u00a0\u00bb60px\u00a0\u00bb][vc_column_text]<\/p>\n<h4 style=\"text-align: center;\">LISBONNE &#8211; La ville magique de la lumi\u00e8re<\/h4>\n<p>[\/vc_column_text][vc_empty_space height=\u00a0\u00bb40px\u00a0\u00bb][vc_column_text]<\/p>\n<p style=\"text-align: justify;\"><span style=\"font-size: 14pt; color: #333333;\">Perch\u00e9e \u00e0 l&rsquo;extr\u00e9mit\u00e9 ouest de l&rsquo;Europe, Lisbonne est la capitale la plus ensoleill\u00e9e du continent, avec une moyenne de 2 799 heures d&rsquo;ensoleillement par an.<\/span><\/p>\n<p style=\"text-align: justify;\"><span style=\"font-size: 14pt; color: #333333;\">Avec l&rsquo;oc\u00e9an Atlantique en toile de fond, cette ville d\u00e9licieusement ensoleill\u00e9e vit dans un conte de f\u00e9es de coutumes et de traditions, avec des tramways et des funiculaires centenaires, qui sillonnent les rues typiques, arborant fi\u00e8rement la lumi\u00e8re joyeuse de la ville, ses monuments et ses gens sympathiques.<\/span><\/p>\n<p style=\"text-align: justify;\"><span style=\"font-size: 14pt; color: #333333;\">Une ville historique, m\u00e9lang\u00e9e \u00e0 une ambiance moderne, pleine de restaurants incroyables, de vie nocturne, de superbes jardins et de beaucoup de culture.<\/span><\/p>\n<p>[\/vc_column_text][\/vc_column][vc_column width=\u00a0\u00bb1\/2&Prime;][vc_images_carousel images=\u00a0\u00bb10579,10575,10535,10531,10511,10515,10523,10495,10483&Prime; img_size=\u00a0\u00bbmedium\u00a0\u00bb autoplay=\u00a0\u00bbyes\u00a0\u00bb hide_pagination_control=\u00a0\u00bbyes\u00a0\u00bb wrap=\u00a0\u00bbyes\u00a0\u00bb][\/vc_column][\/vc_row][vc_row equal_height=\u00a0\u00bbyes\u00a0\u00bb][vc_column width=\u00a0\u00bb1\/2&Prime; css=\u00a0\u00bb.vc_custom_1652008484200{padding-right: 5% !important;}\u00a0\u00bb][vc_empty_space height=\u00a0\u00bb60px\u00a0\u00bb][vc_column_text]<\/p>\n<h4 style=\"text-align: center;\">PORTO &#8211; Ce n&rsquo;est pas seulement du bon vin<\/h4>\n<p>[\/vc_column_text][vc_empty_space height=\u00a0\u00bb60px\u00a0\u00bb][vc_column_text]<\/p>\n<p style=\"text-align: justify;\"><span style=\"font-size: 14pt; color: #333333;\">Cette ancienne m\u00e9tropole est comme une belle photo prise avec l&rsquo;\u00e2me, qui capture les rues pittoresques, les vieux b\u00e2timents et une aura unique apport\u00e9e par les habitants de Porto.<\/span><\/p>\n<p style=\"text-align: justify;\"><span style=\"font-size: 14pt; color: #333333;\">Il est obligatoire de visiter le centre historique, class\u00e9 au patrimoine mondial de l&rsquo;UNESCO.<\/span><\/p>\n<p style=\"text-align: justify;\"><span style=\"font-size: 14pt; color: #333333;\">Profitez de d\u00e9jeuners paresseux au bord de la rivi\u00e8re dans ses nouveaux restaurants ou plongez dans la sc\u00e8ne culturelle, des concerts de renomm\u00e9e mondiale \u00e0 la Casa de M\u00fasica aux incroyables expositions d&rsquo;art sur la Rua Miguel Bombarda.<\/span><\/p>\n<p>[\/vc_column_text][\/vc_column][vc_column width=\u00a0\u00bb1\/2&Prime;][vc_images_carousel images=\u00a0\u00bb10709,10681,10685,10721,10689,10693,10697,10701,10705,10713,10725,10729&Prime; img_size=\u00a0\u00bbmedium\u00a0\u00bb speed=\u00a0\u00bb4500&Prime; autoplay=\u00a0\u00bbyes\u00a0\u00bb hide_pagination_control=\u00a0\u00bbyes\u00a0\u00bb wrap=\u00a0\u00bbyes\u00a0\u00bb][\/vc_column][\/vc_row][vc_row equal_height=\u00a0\u00bbyes\u00a0\u00bb][vc_column width=\u00a0\u00bb1\/2&Prime; css=\u00a0\u00bb.vc_custom_1652008484200{padding-right: 5% !important;}\u00a0\u00bb][vc_empty_space height=\u00a0\u00bb60px\u00a0\u00bb][vc_column_text]<\/p>\n<h4 style=\"text-align: center;\">NAZAR\u00c9 &#8211; Vivre le village de p\u00eacheurs<\/h4>\n<p>[\/vc_column_text][vc_empty_space height=\u00a0\u00bb60px\u00a0\u00bb][vc_column_text]<\/p>\n<p style=\"text-align: justify;\"><span style=\"font-size: 14pt; color: #333333;\">Il y a beaucoup \u00e0 aimer \u00e0 Nazar\u00e9. V\u00e9ritable record de vagues mutantes, une fois par an, Nazar\u00e9 est une station baln\u00e9aire au nord de Lisbonne et une destination de plus en plus pris\u00e9e des surfeurs et des touristes.<\/span><\/p>\n<p style=\"text-align: justify;\"><span style=\"font-size: 14pt; color: #333333;\">Consid\u00e9r\u00e9e par beaucoup comme la plage la plus typique du Portugal, elle enchante le visiteur pour sa beaut\u00e9 naturelle. La douceur du climat, les gens sympathiques et hospitaliers, la lumi\u00e8re magnifique, les traditions et les arts de la p\u00eache ont fait de Nazar\u00e9 la muse des peintres et des artistes.<\/span><\/p>\n<p style=\"text-align: justify;\"><span style=\"font-size: 14pt; color: #333333;\">Traversez les ruelles \u00e9troites, perpendiculaires \u00e0 la mer, o\u00f9 la vie s&rsquo;\u00e9coule au rythme des vents et des mar\u00e9es et d\u00e9couvrez l&rsquo;essence de ce peuple.<\/span><\/p>\n<p>[\/vc_column_text][\/vc_column][vc_column width=\u00a0\u00bb1\/2&Prime;][vc_images_carousel images=\u00a0\u00bb10777,10749,10753,10757,10761,10765,10769,10773&Prime; img_size=\u00a0\u00bbmedium\u00a0\u00bb speed=\u00a0\u00bb5100&Prime; autoplay=\u00a0\u00bbyes\u00a0\u00bb hide_pagination_control=\u00a0\u00bbyes\u00a0\u00bb wrap=\u00a0\u00bbyes\u00a0\u00bb][\/vc_column][\/vc_row][vc_row equal_height=\u00a0\u00bbyes\u00a0\u00bb][vc_column width=\u00a0\u00bb1\/2&Prime; css=\u00a0\u00bb.vc_custom_1652008484200{padding-right: 5% !important;}\u00a0\u00bb][vc_empty_space height=\u00a0\u00bb60px\u00a0\u00bb][vc_column_text]<\/p>\n<h4 style=\"text-align: center;\">MAFRA &#8211; Ville de campagne s\u00e9duisante<\/h4>\n<p>[\/vc_column_text][vc_empty_space height=\u00a0\u00bb60px\u00a0\u00bb][vc_column_text]<\/p>\n<p style=\"text-align: justify;\"><span style=\"font-size: 14pt; color: #333333;\">Mafra est un village s\u00e9duisant, situ\u00e9 dans la r\u00e9gion de \u00ab\u00a0Saloia\u00a0\u00bb, avec sa Tapada qui occupe une superficie de 819 hectares de for\u00eat qui nous offre une grande diversit\u00e9 d&rsquo;esp\u00e8ces animales et v\u00e9g\u00e9tales. <\/span><\/p>\n<p style=\"text-align: justify;\"><span style=\"font-size: 14pt; color: #333333;\">Ici, il est impossible de rester indiff\u00e9rent au monumental Pal\u00e1cio de Mafra, un monument baroque, construit par D. Jo\u00e3o V en 1711, qui poss\u00e8de l&rsquo;une des plus belles biblioth\u00e8ques du monde, o\u00f9 vous pourrez profiter de la premi\u00e8re \u00e9dition de Lus\u00edadas par Cam\u00f5es. Il est \u00e9galement int\u00e9ressant de savoir que c&rsquo;est ce monument qui a inspir\u00e9 Jos\u00e9 Saramago pour \u00e9crire le \u00ab Memorial do Convento \u00bb, l&rsquo;une de ses \u0153uvres les plus connues.<\/span><\/p>\n<p style=\"text-align: justify;\"><span style=\"font-size: 14pt; color: #333333;\">A proximit\u00e9, dans la petite ville de Sobreiro, il est toujours logique de visiter le Village-Mus\u00e9e Jos\u00e9 Franco.<\/span><\/p>\n<p>[\/vc_column_text][\/vc_column][vc_column width=\u00a0\u00bb1\/2&Prime;][vc_images_carousel images=\u00a0\u00bb10786,10782,10794,10790,10798,10802,10806,10810&Prime; img_size=\u00a0\u00bbmedium\u00a0\u00bb speed=\u00a0\u00bb4100&Prime; autoplay=\u00a0\u00bbyes\u00a0\u00bb hide_pagination_control=\u00a0\u00bbyes\u00a0\u00bb wrap=\u00a0\u00bbyes\u00a0\u00bb][\/vc_column][\/vc_row][vc_row equal_height=\u00a0\u00bbyes\u00a0\u00bb][vc_column width=\u00a0\u00bb1\/2&Prime; css=\u00a0\u00bb.vc_custom_1652008484200{padding-right: 5% !important;}\u00a0\u00bb][vc_empty_space height=\u00a0\u00bb30px\u00a0\u00bb][vc_column_text]<\/p>\n<h4 style=\"text-align: center;\">ERICEIRA &#8211; Allez sur la vague et soyez heureux<\/h4>\n<p>[\/vc_column_text][vc_empty_space height=\u00a0\u00bb30px\u00a0\u00bb][vc_column_text]<\/p>\n<p style=\"text-align: justify;\"><span style=\"font-size: 14pt; color: #333333;\">Ericeira est un petit village de p\u00eacheurs connu dans le monde entier pour les grandes vagues de surf que l&rsquo;on peut ressentir sur ses plages, bien que de nombreux Portugais et \u00e9trangers appr\u00e9cient la haute qualit\u00e9 de ses eaux.<\/span><\/p>\n<p style=\"text-align: justify;\"><span style=\"font-size: 14pt; color: #333333;\">Avec des traces de l&rsquo;\u00e9poque ph\u00e9nicienne, ce n&rsquo;est qu&rsquo;au XIX\u00e8me si\u00e8cle que ce village s&rsquo;agrandit, avec le d\u00e9veloppement commercial du port existant \u00e0 cette \u00e9poque. Le d\u00e9part de la famille royale portugaise en exil, qui repr\u00e9sente la fin du r\u00e9gime monarchique national, fait du port d&rsquo;Ericeira l&rsquo;un des lieux les plus embl\u00e9matiques de l&rsquo;histoire portugaise pour toujours.<\/span><\/p>\n<p style=\"text-align: justify;\"><span style=\"font-size: 14pt; color: #333333;\">Des plages impressionnantes s&rsquo;\u00e9tendent le long de la c\u00f4te et sa mer Atlantique nous offre de d\u00e9licieux poissons et fruits de mer frais, enrichissant l&rsquo;offre de ce village magique.<\/span><\/p>\n<p>[\/vc_column_text][\/vc_column][vc_column width=\u00a0\u00bb1\/2&Prime;][vc_images_carousel images=\u00a0\u00bb10860,10856,10816,10824,10844,10820,10836,10828,10832,10840,10848,10852&Prime; img_size=\u00a0\u00bbmedium\u00a0\u00bb autoplay=\u00a0\u00bbyes\u00a0\u00bb hide_pagination_control=\u00a0\u00bbyes\u00a0\u00bb wrap=\u00a0\u00bbyes\u00a0\u00bb][\/vc_column][\/vc_row][vc_row equal_height=\u00a0\u00bbyes\u00a0\u00bb][vc_column width=\u00a0\u00bb1\/2&Prime; css=\u00a0\u00bb.vc_custom_1652008484200{padding-right: 5% !important;}\u00a0\u00bb][vc_empty_space height=\u00a0\u00bb60px\u00a0\u00bb][vc_column_text]<\/p>\n<h4 style=\"text-align: center;\">F\u00c1TIMA &#8211; Ville B\u00e9nie<\/h4>\n<p>[\/vc_column_text][vc_empty_space height=\u00a0\u00bb30px\u00a0\u00bb][vc_column_text]<\/p>\n<p style=\"text-align: justify;\"><span style=\"font-size: 14pt; color: #333333;\">Visitez la destination de p\u00e8lerinage la plus importante d&rsquo;Europe.<\/span><br \/>\n<span style=\"font-size: 14pt; color: #333333;\">D\u00e9couvrez son aura mystique et un lieu incroyable d&rsquo;Histoire, de Culture et de Religion.<\/span><\/p>\n<p style=\"text-align: justify;\"><span style=\"font-size: 14pt; color: #333333;\">La popularit\u00e9 croissante est li\u00e9e \u00e0 l&rsquo;apparition de la Vierge Marie \u00e0 trois enfants en 1917 &#8211; \u00ab\u00a0Les Trois Petits Bergers\u00a0\u00bb.<\/span><\/p>\n<p style=\"text-align: justify;\"><span style=\"font-size: 14pt; color: #333333;\">La Capelinha das Apari\u00e7\u00f5es marque l&rsquo;endroit o\u00f9 la Vierge Marie serait apparue. D&rsquo;autres sites sacr\u00e9s incluent la basilique de Nossa Senhora do Ros\u00e1rio, avec ses anges dor\u00e9s, et l&rsquo;\u00e9glise moderne de la Sainte Trinit\u00e9. D\u00e9couvrez \u00e9galement l&rsquo;\u0153uvre\/sculpture \u00ab Cora\u00e7\u00e3o Francisco \u00bb, consid\u00e9r\u00e9e comme le plus grand c\u0153ur d&rsquo;acier du monde, 12 m\u00e8tres de haut et de large.<\/span><\/p>\n<p>[\/vc_column_text][\/vc_column][vc_column width=\u00a0\u00bb1\/2&Prime;][vc_images_carousel images=\u00a0\u00bb10892,10872,10884,10868,10876,10880,10888,10896&Prime; img_size=\u00a0\u00bbmedium\u00a0\u00bb speed=\u00a0\u00bb4000&Prime; autoplay=\u00a0\u00bbyes\u00a0\u00bb hide_pagination_control=\u00a0\u00bbyes\u00a0\u00bb wrap=\u00a0\u00bbyes\u00a0\u00bb][\/vc_column][\/vc_row][vc_row equal_height=\u00a0\u00bbyes\u00a0\u00bb][vc_column width=\u00a0\u00bb1\/2&Prime; css=\u00a0\u00bb.vc_custom_1652008484200{padding-right: 5% !important;}\u00a0\u00bb][vc_empty_space height=\u00a0\u00bb60px\u00a0\u00bb][vc_column_text]<\/p>\n<h4 style=\"text-align: center;\">SINTRA &#8211; Un conte de f\u00e9es parfait<\/h4>\n<p>[\/vc_column_text][vc_empty_space height=\u00a0\u00bb60px\u00a0\u00bb][vc_column_text]<\/p>\n<p style=\"text-align: justify;\"><span style=\"color: #333333; font-size: 14pt;\">Au pied des montagnes, Sintra est un charmant village si proche de Lisbonne.<\/span><\/p>\n<p style=\"text-align: justify;\"><span style=\"color: #333333; font-size: 14pt;\">La vari\u00e9t\u00e9 de b\u00e2timents historiques fascinants, avec des palais extravagants, des maisons opulentes et m\u00eame les ruines d&rsquo;un ch\u00e2teau, font de Sintra une destination touristique fantastique. Longtemps une retraite royale, ses terres bois\u00e9es sont parsem\u00e9es de fermes et de palais aux teintes pastel. Le Palais National de Sintra, de style gothique et manu\u00e9lin, est un monument incontournable, qui se distingue par ses deux superbes chemin\u00e9es identiques et ses tuiles \u00e9labor\u00e9es.<\/span><\/p>\n<p style=\"text-align: justify;\"><span style=\"color: #333333; font-size: 14pt;\">Le palais national de Pena du XIXe si\u00e8cle, au sommet de la colline, est connu pour son design extravagant et ses vues imprenables.<\/span><\/p>\n<p>[\/vc_column_text][\/vc_column][vc_column width=\u00a0\u00bb1\/2&Prime;][vc_images_carousel images=\u00a0\u00bb10919,10331,10907,10935,10911,10547,10903,10915,10923,10927,10931,10939,10177&Prime; img_size=\u00a0\u00bbmedium\u00a0\u00bb speed=\u00a0\u00bb4300&Prime; autoplay=\u00a0\u00bbyes\u00a0\u00bb hide_pagination_control=\u00a0\u00bbyes\u00a0\u00bb wrap=\u00a0\u00bbyes\u00a0\u00bb][\/vc_column][\/vc_row][vc_row equal_height=\u00a0\u00bbyes\u00a0\u00bb][vc_column width=\u00a0\u00bb1\/2&Prime; css=\u00a0\u00bb.vc_custom_1652008484200{padding-right: 5% !important;}\u00a0\u00bb][vc_empty_space height=\u00a0\u00bb60px\u00a0\u00bb][vc_column_text]<\/p>\n<h4 style=\"text-align: center;\">CABO DA ROCA &#8211; O\u00f9 la terre se termine et la mer commence<\/h4>\n<p>[\/vc_column_text][vc_empty_space height=\u00a0\u00bb60px\u00a0\u00bb][vc_column_text]<\/p>\n<p style=\"text-align: justify;\"><span style=\"font-size: 14pt; color: #333333;\">Si vous allez \u00e0 Sintra, ne manquez pas une visite au point le plus \u00e0 l&rsquo;ouest de l&rsquo;Europe continentale, Cabo da Roca. Situ\u00e9 \u00e0 la latitude 38\u00ba 47\u00b4 Nord et \u00e0 la longitude 9\u00ba.<\/span><\/p>\n<p style=\"text-align: justify;\"><span style=\"font-size: 14pt; color: #333333;\">C&rsquo;est, comme l&rsquo;a \u00e9crit Cam\u00f5es, le lieu \u00ab\u00a0O\u00f9 finit la terre et commence la mer\u00a0\u00bb (dans Os Lus\u00edadas, Canto III). Un motif en pierre avec une pierre tombale marque cette caract\u00e9ristique g\u00e9ographique pour tous ceux qui visitent cet endroit. \u00c0 Cabo da Roca, le regard se tourne vers l&rsquo;immensit\u00e9 de l&rsquo;oc\u00e9an Atlantique et l\u00e0, il se perd dans la contemplation d&rsquo;un Portugal fier.<\/span><\/p>\n<p>[\/vc_column_text][\/vc_column][vc_column width=\u00a0\u00bb1\/2&Prime;][vc_images_carousel images=\u00a0\u00bb10950,10946,10966,10954,10958,10962,10970&Prime; img_size=\u00a0\u00bbmedium\u00a0\u00bb speed=\u00a0\u00bb4700&Prime; autoplay=\u00a0\u00bbyes\u00a0\u00bb hide_pagination_control=\u00a0\u00bbyes\u00a0\u00bb wrap=\u00a0\u00bbyes\u00a0\u00bb][\/vc_column][\/vc_row][vc_row equal_height=\u00a0\u00bbyes\u00a0\u00bb][vc_column width=\u00a0\u00bb1\/2&Prime; css=\u00a0\u00bb.vc_custom_1652008484200{padding-right: 5% !important;}\u00a0\u00bb][vc_empty_space height=\u00a0\u00bb20px\u00a0\u00bb][vc_column_text]<\/p>\n<h4 style=\"text-align: center;\">CASCAIS &#8211; Riviera Portugaise<\/h4>\n<p>[\/vc_column_text][vc_empty_space height=\u00a0\u00bb10px\u00a0\u00bb][vc_column_text]<\/p>\n<p style=\"text-align: justify;\"><span style=\"font-size: 14pt; color: #333333;\">La soi-disant \u00ab\u00a0Costa do Sol\u00a0\u00bb, ou \u00ab\u00a0Riviera portugaise\u00a0\u00bb, commence \u00e0 Estoril et s&rsquo;\u00e9tend jusqu&rsquo;\u00e0 Cascais.<\/span><\/p>\n<p style=\"text-align: justify;\"><span style=\"font-size: 14pt; color: #333333;\">Situ\u00e9e \u00e0 quelques kilom\u00e8tres de l&#8217;embouchure du Tage, Cascais offre une atmosph\u00e8re maritime exclusive avec son port de plaisance raffin\u00e9, ses rues charmantes avec ses boutiques et une touche cosmopolite particuli\u00e8re. Connu pour sa splendide plage de sable blanc, le village de p\u00eacheurs de Cascais s&rsquo;est r\u00e9invent\u00e9 et est devenu une station baln\u00e9aire raffin\u00e9e et l&rsquo;une des destinations les plus sophistiqu\u00e9es de la r\u00e9gion de Lisbonne.<\/span><\/p>\n<p style=\"text-align: justify;\"><span style=\"font-size: 14pt; color: #333333;\">Le centre historique abrite la forteresse m\u00e9di\u00e9vale de Nossa Senhora da Luz et le Pal\u00e1cio da Cidadela, une ancienne retraite royale. A proximit\u00e9 se trouve l&rsquo;\u00e9glise blanchie \u00e0 la chaux de Nossa Senhora da Assun\u00e7\u00e3o, avec des tuiles verniss\u00e9es. La Casa das Hist\u00f3rias Paula Rego expose les peintures de l&rsquo;artiste portugais dans un b\u00e2timent moderne.<\/span><\/p>\n<p style=\"text-align: justify;\"><span style=\"font-size: 14pt; color: #333333;\">Cascais est \u00e9galement attrayant pour les noctambules avec une vari\u00e9t\u00e9 d&rsquo;options, des bars-salons aux bars de jazz confortables et aux clubs branch\u00e9s.<\/span><\/p>\n<p>[\/vc_column_text][\/vc_column][vc_column width=\u00a0\u00bb1\/2&Prime;][vc_images_carousel images=\u00a0\u00bb10985,11017,10981,11001,10989,11009,10993,10997,11005,11013,11021,11025,11029,11033&Prime; img_size=\u00a0\u00bbmedium\u00a0\u00bb speed=\u00a0\u00bb4000&Prime; autoplay=\u00a0\u00bbyes\u00a0\u00bb hide_pagination_control=\u00a0\u00bbyes\u00a0\u00bb wrap=\u00a0\u00bbyes\u00a0\u00bb][\/vc_column][\/vc_row][vc_row equal_height=\u00a0\u00bbyes\u00a0\u00bb][vc_column width=\u00a0\u00bb1\/2&Prime; css=\u00a0\u00bb.vc_custom_1652008484200{padding-right: 5% !important;}\u00a0\u00bb][vc_empty_space height=\u00a0\u00bb60px\u00a0\u00bb][vc_column_text]<\/p>\n<h4 style=\"text-align: center;\">ESTORIL &#8211; Casino Espion Royal<\/h4>\n<p>[\/vc_column_text][vc_empty_space height=\u00a0\u00bb60px\u00a0\u00bb][vc_column_text]<\/p>\n<p style=\"text-align: justify;\"><span style=\"font-size: 14pt; color: #333333;\">Promenez-vous le long de la promenade jusqu&rsquo;\u00e0 Estoril, qui abrite l&rsquo;un des plus grands et des plus anciens casinos d&rsquo;Europe. Ponctu\u00e9e de villas de luxe en front de mer, d&rsquo;une plage tr\u00e8s r\u00e9put\u00e9e et d&rsquo;une vie nocturne anim\u00e9e, Estoril est l&rsquo;endroit id\u00e9al pour les personnes assoiff\u00e9es de culture et pour la jet set des quatre coins du monde, qui ne cesse d&rsquo;affluer pour des festivals de cin\u00e9ma, des concerts de jazz, des conf\u00e9rences, <\/span><span style=\"font-size: 14pt; color: #333333;\">\u00e9v\u00e9nements sportifs internationaux, etc.<\/span><\/p>\n<p>[\/vc_column_text][\/vc_column][vc_column width=\u00a0\u00bb1\/2&Prime;][vc_images_carousel images=\u00a0\u00bb11043,11051,11067,11063,11039,11055,11047,11059,11071&Prime; img_size=\u00a0\u00bbmedium\u00a0\u00bb speed=\u00a0\u00bb5100&Prime; autoplay=\u00a0\u00bbyes\u00a0\u00bb hide_pagination_control=\u00a0\u00bbyes\u00a0\u00bb wrap=\u00a0\u00bbyes\u00a0\u00bb][\/vc_column][\/vc_row][vc_row equal_height=\u00a0\u00bbyes\u00a0\u00bb][vc_column width=\u00a0\u00bb1\/2&Prime; css=\u00a0\u00bb.vc_custom_1652008484200{padding-right: 5% !important;}\u00a0\u00bb][vc_empty_space height=\u00a0\u00bb60px\u00a0\u00bb][vc_column_text]<\/p>\n<h4 style=\"text-align: center;\">\u00d3BIDOS &#8211; C\u0153ur ouvert<\/h4>\n<p>[\/vc_column_text][vc_empty_space height=\u00a0\u00bb60px\u00a0\u00bb][vc_column_text]<\/p>\n<p style=\"text-align: justify;\"><span style=\"font-size: 14pt; color: #333333;\">Visiter \u00d3bidos, c&rsquo;est comme retourner dans le pass\u00e9 ! Le village m\u00e9di\u00e9val d&rsquo;\u00d3bidos est l&rsquo;un des plus pittoresques et des mieux conserv\u00e9s du Portugal avec un beau centre historique, entour\u00e9 de murs aux cr\u00e9neaux classiques, compos\u00e9 d&rsquo;un labyrinthe de rues pav\u00e9es et de maisons blanchies \u00e0 la chaux, d\u00e9cor\u00e9es de fleurs. <\/span><\/p>\n<p style=\"text-align: justify;\"><span style=\"font-size: 14pt; color: #333333;\">Il y a des bars m\u00e9di\u00e9vaux, des foires au chocolat. Il y a des l\u00e9gendes de rois et de reines. Il y a les loisirs et la nature. \u00d3bidos r\u00e9pond parfaitement aux diff\u00e9rents go\u00fbts, des plus romantiques aux plus ludiques.<\/span><\/p>\n<p>[\/vc_column_text][\/vc_column][vc_column width=\u00a0\u00bb1\/2&Prime;][vc_images_carousel images=\u00a0\u00bb11085,11077,11081,11089,11093,11097,11101&Prime; img_size=\u00a0\u00bbmedium\u00a0\u00bb speed=\u00a0\u00bb3500&Prime; autoplay=\u00a0\u00bbyes\u00a0\u00bb hide_pagination_control=\u00a0\u00bbyes\u00a0\u00bb wrap=\u00a0\u00bbyes\u00a0\u00bb][\/vc_column][\/vc_row][vc_row equal_height=\u00a0\u00bbyes\u00a0\u00bb][vc_column width=\u00a0\u00bb1\/2&Prime; css=\u00a0\u00bb.vc_custom_1652008484200{padding-right: 5% !important;}\u00a0\u00bb][vc_empty_space height=\u00a0\u00bb60px\u00a0\u00bb][vc_column_text]<\/p>\n<h4 style=\"text-align: center;\">SESIMBRA &#8211; Terre des gens de la mer<\/h4>\n<p>[\/vc_column_text][vc_empty_space height=\u00a0\u00bb60px\u00a0\u00bb][vc_column_text]<\/p>\n<p style=\"text-align: justify;\"><span style=\"font-size: 14pt; color: #333333;\">Est l&rsquo;une des villes les plus charismatiques du Portugal, \u00e0 environ 30 kilom\u00e8tres de Lisbonne. Avec plus de 40 kilom\u00e8tres de c\u00f4te atlantique, s&rsquo;\u00e9tendant de Lagoa de Albufeira \u00e0 Serra da Arr\u00e1bida, Sesimbra, surplombant la baie, offre une gamme de \u00ab\u00a0portugalit\u00e9s\u00a0\u00bb: de la gastronomie aux mus\u00e9es et monuments, en passant par des paysages \u00e9poustouflants, Sesimbra est une destination urgente pour ceux qui veulent sentir la vie dans toute sa pulsation.<\/span><\/p>\n<p style=\"text-align: justify;\"><span style=\"font-size: 14pt; color: #333333;\">Sur la c\u00f4te ouest se trouvent les vastes plages de sable de Meco et, au sud, les imposantes falaises de Cabo Espichel.<\/span><\/p>\n<p style=\"text-align: justify;\"><span style=\"font-size: 14pt; color: #333333;\">\u00c0 l&rsquo;ouest, le paysage est domin\u00e9 par Porto de Abrigo, o\u00f9 l&rsquo;agitation et les traditions de p\u00eache se croisent avec des activit\u00e9s touristiques telles que la plong\u00e9e, la voile ou le cano\u00eb.<\/span><\/p>\n<p>[\/vc_column_text][\/vc_column][vc_column width=\u00a0\u00bb1\/2&Prime;][vc_images_carousel images=\u00a0\u00bb11130,11106,11110,11114,11118,11122,11126&Prime; img_size=\u00a0\u00bbmedium\u00a0\u00bb speed=\u00a0\u00bb4000&Prime; autoplay=\u00a0\u00bbyes\u00a0\u00bb hide_pagination_control=\u00a0\u00bbyes\u00a0\u00bb wrap=\u00a0\u00bbyes\u00a0\u00bb][\/vc_column][\/vc_row][vc_row equal_height=\u00a0\u00bbyes\u00a0\u00bb][vc_column width=\u00a0\u00bb1\/2&Prime; css=\u00a0\u00bb.vc_custom_1652008484200{padding-right: 5% !important;}\u00a0\u00bb][vc_empty_space height=\u00a0\u00bb60px\u00a0\u00bb][vc_column_text]<\/p>\n<h4 style=\"text-align: center;\">\u00c9VORA<\/h4>\n<p>[\/vc_column_text][vc_empty_space height=\u00a0\u00bb60px\u00a0\u00bb][vc_column_text]<\/p>\n<p style=\"text-align: justify;\"><span style=\"font-size: 14pt; color: #333333;\">Ville de l&rsquo;Alentejo, chef-lieu de district et si\u00e8ge de l&rsquo;une des plus grandes municipalit\u00e9s du pays, \u00c9vora est l&rsquo;une des villes portugaises les plus embl\u00e9matiques.<\/span><\/p>\n<p style=\"text-align: justify;\"><span style=\"font-size: 14pt; color: #333333;\">Son magnifique centre historique a \u00e9t\u00e9 class\u00e9 par l&rsquo;UNESCO comme site du patrimoine mondial, dans une zone d&rsquo;environ 105 hectares et environ 400 b\u00e2timents, ce qui est, en soi, l&rsquo;une des meilleures raisons de visiter cette merveilleuse ville de l&rsquo;Alentejo.<\/span><\/p>\n<p>[\/vc_column_text][\/vc_column][vc_column width=\u00a0\u00bb1\/2&Prime;][vc_images_carousel images=\u00a0\u00bb11160,11136,11164,11140,11144,11148,11152,11156&Prime; img_size=\u00a0\u00bbmedium\u00a0\u00bb autoplay=\u00a0\u00bbyes\u00a0\u00bb hide_pagination_control=\u00a0\u00bbyes\u00a0\u00bb wrap=\u00a0\u00bbyes\u00a0\u00bb][\/vc_column][\/vc_row]<\/p>\n<\/section>","protected":false},"excerpt":{"rendered":"<p>[vc_row equal_height=\u00a0\u00bbyes\u00a0\u00bb content_placement=\u00a0\u00bbmiddle\u00a0\u00bb][vc_column width=\u00a0\u00bb1\/2&Prime; css=\u00a0\u00bb.vc_custom_1652008484200{padding-right: 5% !important;}\u00a0\u00bb][vc_empty_space height=\u00a0\u00bb60px\u00a0\u00bb][vc_column_text] LISBONNE &#8211; La ville magique de la lumi\u00e8re [\/vc_column_text][vc_empty_space height=\u00a0\u00bb40px\u00a0\u00bb][vc_column_text] Perch\u00e9e \u00e0 l&rsquo;extr\u00e9mit\u00e9 ouest de l&rsquo;Europe, Lisbonne est la capitale la plus ensoleill\u00e9e du continent, avec une moyenne de 2 799 heures d&rsquo;ensoleillement par an. Avec l&rsquo;oc\u00e9an Atlantique en toile de fond, cette ville d\u00e9licieusement ensoleill\u00e9e vit [&hellip;]<\/p>\n","protected":false},"author":1,"featured_media":10508,"parent":0,"menu_order":0,"comment_status":"closed","ping_status":"closed","template":"","meta":{"footnotes":""},"class_list":["post-11683","page","type-page","status-publish","has-post-thumbnail","hentry"],"_links":{"self":[{"href":"https:\/\/whereto.pt\/fr\/wp-json\/wp\/v2\/pages\/11683","targetHints":{"allow":["GET"]}}],"collection":[{"href":"https:\/\/whereto.pt\/fr\/wp-json\/wp\/v2\/pages"}],"about":[{"href":"https:\/\/whereto.pt\/fr\/wp-json\/wp\/v2\/types\/page"}],"author":[{"embeddable":true,"href":"https:\/\/whereto.pt\/fr\/wp-json\/wp\/v2\/users\/1"}],"replies":[{"embeddable":true,"href":"https:\/\/whereto.pt\/fr\/wp-json\/wp\/v2\/comments?post=11683"}],"version-history":[{"count":3,"href":"https:\/\/whereto.pt\/fr\/wp-json\/wp\/v2\/pages\/11683\/revisions"}],"predecessor-version":[{"id":12068,"href":"https:\/\/whereto.pt\/fr\/wp-json\/wp\/v2\/pages\/11683\/revisions\/12068"}],"wp:featuredmedia":[{"embeddable":true,"href":"https:\/\/whereto.pt\/fr\/wp-json\/wp\/v2\/media\/10508"}],"wp:attachment":[{"href":"https:\/\/whereto.pt\/fr\/wp-json\/wp\/v2\/media?parent=11683"}],"curies":[{"name":"wp","href":"https:\/\/api.w.org\/{rel}","templated":true}]}}